{"id":30,"date":"2019-11-04T11:30:21","date_gmt":"2019-11-04T11:30:21","guid":{"rendered":"https:\/\/www.politolosko-drustvo.si\/?page_id=30"},"modified":"2019-12-08T19:19:05","modified_gmt":"2019-12-08T19:19:05","slug":"clanstvo","status":"publish","type":"page","link":"https:\/\/www.politolosko-drustvo.si\/en_us\/clanstvo\/","title":{"rendered":"MEMBERSHIP"},"content":{"rendered":"<div data-elementor-type=\"wp-page\" data-elementor-id=\"30\" class=\"elementor elementor-30\">\n\t\t\t\t\t\t\t\t\t<section class=\"elementor-section elementor-top-section elementor-element elementor-element-266db565 elementor-section-height-min-height elementor-section-items-bottom elementor-section-boxed elementor-section-height-default\" data-id=\"266db565\" data-element_type=\"section\" data-settings=\"{&quot;background_background&quot;:&quot;classic&quot;}\">\n\t\t\t\t\t\t\t<div class=\"elementor-background-overlay\"><\/div>\n\t\t\t\t\t\t\t<div class=\"elementor-container elementor-column-gap-default\">\n\t\t\t\t\t<div class=\"elementor-column elementor-col-100 elementor-top-column elementor-element elementor-element-6548ad54\" data-id=\"6548ad54\" data-element_type=\"column\">\n\t\t\t<div class=\"elementor-widget-wrap elementor-element-populated\">\n\t\t\t\t\t\t\t\t<div class=\"elementor-element elementor-element-178622eb elementor-widget elementor-widget-heading\" data-id=\"178622eb\" data-element_type=\"widget\" data-widget_type=\"heading.default\">\n\t\t\t\t<div class=\"elementor-widget-container\">\n\t\t\t<h2 class=\"elementor-heading-title elementor-size-default\">Membership<\/h2>\t\t<\/div>\n\t\t\t\t<\/div>\n\t\t\t\t<div class=\"elementor-element elementor-element-d570a90 elementor-widget elementor-widget-heading\" data-id=\"d570a90\" data-element_type=\"widget\" data-widget_type=\"heading.default\">\n\t\t\t\t<div class=\"elementor-widget-container\">\n\t\t\t<h2 class=\"elementor-heading-title elementor-size-default\">Pridru\u017ei se nam!<\/h2>\t\t<\/div>\n\t\t\t\t<\/div>\n\t\t\t\t\t<\/div>\n\t\t<\/div>\n\t\t\t\t\t\t\t<\/div>\n\t\t<\/section>\n\t\t\t\t<section class=\"elementor-section elementor-top-section elementor-element elementor-element-0bbbae7 elementor-section-boxed elementor-section-height-default elementor-section-height-default\" data-id=\"0bbbae7\" data-element_type=\"section\">\n\t\t\t\t\t\t<div class=\"elementor-container elementor-column-gap-default\">\n\t\t\t\t\t<div class=\"elementor-column elementor-col-100 elementor-top-column elementor-element elementor-element-9f06f06\" data-id=\"9f06f06\" data-element_type=\"column\">\n\t\t\t<div class=\"elementor-widget-wrap elementor-element-populated\">\n\t\t\t\t\t\t\t\t<div class=\"elementor-element elementor-element-633f09e elementor-widget elementor-widget-text-editor\" data-id=\"633f09e\" data-element_type=\"widget\" data-widget_type=\"text-editor.default\">\n\t\t\t\t<div class=\"elementor-widget-container\">\n\t\t\t\t\t\t\t<p>Slovensko politolo\u0161ko dru\u0161tvo (SPOD) zdru\u017euje slovenske politologije in politologe ter druge posameznice in posameznike, ki jih zanimajo tematike ter vpra\u0161anja, ki jih odpira politi\u010dna znanost. \u010clanice in \u010dlani redno obiskujejo dogodke, ki jih organizira dru\u0161tvo, ter s svojimi mnenji ter predlogi soustvarjajo SPOD kot vodilno slovensko nevladno organizacijo na podro\u010dju politologije. \u010clani so neporedno obve\u0161\u010deni o vseh aktivnostih dru\u0161tva ter o izdaji vsakokratne \u0161tevilke uradne publikacije dru\u0161tva, Politolog.si.<\/p>\t\t\t\t\t\t<\/div>\n\t\t\t\t<\/div>\n\t\t\t\t<div class=\"elementor-element elementor-element-da9def7 elementor-widget elementor-widget-text-editor\" data-id=\"da9def7\" data-element_type=\"widget\" data-widget_type=\"text-editor.default\">\n\t\t\t\t<div class=\"elementor-widget-container\">\n\t\t\t\t\t\t\t<p>V kolikor bi se \u017eeleli v\u010dlaniti v dru\u0161tvo, izpolnite spodnji obrazec, ali pa nas kontaktirajte na elektronski naslov\u00a0spod.fdv@fdv.uni-lj.si.<\/p>\t\t\t\t\t\t<\/div>\n\t\t\t\t<\/div>\n\t\t\t\t<div class=\"elementor-element elementor-element-32fc67c eael-wpforms-labels-yes eael-wpforms-form-button-custom elementor-widget elementor-widget-eael-wpforms\" data-id=\"32fc67c\" data-element_type=\"widget\" data-widget_type=\"eael-wpforms.default\">\n\t\t\t\t<div class=\"elementor-widget-container\">\n\t\t\t            <div class=\"eael-contact-form eael-wpforms eael-contact-form-align-default\">\n                                <div class=\"wpforms-container wpforms-container-full\" id=\"wpforms-249\"><form id=\"wpforms-form-249\" class=\"wpforms-validate wpforms-form\" data-formid=\"249\" method=\"post\" enctype=\"multipart\/form-data\" action=\"\/en_us\/wp-json\/wp\/v2\/pages\/30\" data-token=\"225c3980f7593a4b7928b581cc04aeb8\" data-trp-original-action=\"\/en_us\/wp-json\/wp\/v2\/pages\/30\"><div class=\"wpforms-head-container\"><div class=\"wpforms-title\">Prijava v Slovensko politolo\u0161ko dru\u0161tvo<\/div><\/div><noscript class=\"wpforms-error-noscript\">Please enable JavaScript in your browser to complete this form.<\/noscript><div class=\"wpforms-field-container\"><div id=\"wpforms-249-field_3-container\" class=\"wpforms-field wpforms-field-text\" data-field-id=\"3\"><label class=\"wpforms-field-label\" for=\"wpforms-249-field_3\">Ime in priimek <span class=\"wpforms-required-label\">*<\/span><\/label><input type=\"text\" id=\"wpforms-249-field_3\" class=\"wpforms-field-medium wpforms-field-required\" name=\"wpforms[fields][3]\" required><\/div><div id=\"wpforms-249-field_4-container\" class=\"wpforms-field wpforms-field-email\" data-field-id=\"4\"><label class=\"wpforms-field-label\" for=\"wpforms-249-field_4\">E-po\u0161tni naslov <span class=\"wpforms-required-label\">*<\/span><\/label><input type=\"email\" id=\"wpforms-249-field_4\" class=\"wpforms-field-medium wpforms-field-required\" name=\"wpforms[fields][4]\" spellcheck=\"false\" required><\/div><div id=\"wpforms-249-field_5-container\" class=\"wpforms-field wpforms-field-text\" data-field-id=\"5\"><label class=\"wpforms-field-label\" for=\"wpforms-249-field_5\">Ulica in hi\u0161na \u0161tevilka <span class=\"wpforms-required-label\">*<\/span><\/label><input type=\"text\" id=\"wpforms-249-field_5\" class=\"wpforms-field-medium wpforms-field-required\" name=\"wpforms[fields][5]\" required><\/div><div id=\"wpforms-249-field_6-container\" class=\"wpforms-field wpforms-field-text\" data-field-id=\"6\"><label class=\"wpforms-field-label\" for=\"wpforms-249-field_6\">Kraj <span class=\"wpforms-required-label\">*<\/span><\/label><input type=\"text\" id=\"wpforms-249-field_6\" class=\"wpforms-field-medium wpforms-field-required\" name=\"wpforms[fields][6]\" required><\/div><\/div><!-- .wpforms-field-container --><div class=\"wpforms-field wpforms-field-hp\"><label for=\"wpforms-249-field-hp\" class=\"wpforms-field-label\">Phone<\/label><input type=\"text\" name=\"wpforms[hp]\" id=\"wpforms-249-field-hp\" class=\"wpforms-field-medium\"><\/div><div class=\"wpforms-submit-container\" ><input type=\"hidden\" name=\"wpforms[id]\" value=\"249\"><input type=\"hidden\" name=\"wpforms[author]\" value=\"1\"><button type=\"submit\" name=\"wpforms[submit]\" id=\"wpforms-submit-249\" class=\"wpforms-submit\" data-alt-text=\"Po\u0161iljanje...\" data-submit-text=\"Prijava\" aria-live=\"assertive\" value=\"wpforms-submit\">Prijava<\/button><\/div><input type=\"hidden\" name=\"trp-form-language\" value=\"en_us\"\/><\/form><\/div>  <!-- .wpforms-container -->            <\/div>\n\t\t<\/div>\n\t\t\t\t<\/div>\n\t\t\t\t\t<\/div>\n\t\t<\/div>\n\t\t\t\t\t\t\t<\/div>\n\t\t<\/section>\n\t\t\t\t\t\t\t<\/div>","protected":false},"excerpt":{"rendered":"<p>\u010clanstvo Pridru\u017ei se nam! Slovensko politolo\u0161ko dru\u0161tvo (SPOD) zdru\u017euje slovenske politologije in politologe ter druge posameznice in posameznike, ki jih zanimajo tematike ter vpra\u0161anja, ki jih odpira politi\u010dna znanost. \u010clanice in \u010dlani redno obiskujejo dogodke, ki jih organizira dru\u0161tvo, ter s svojimi mnenji ter predlogi soustvarjajo SPOD kot vodilno slovensko nevladno organizacijo na podro\u010dju politologije. [&hellip;]<\/p>","protected":false},"author":1,"featured_media":0,"parent":0,"menu_order":0,"comment_status":"closed","ping_status":"closed","template":"elementor_header_footer","meta":{"pg_page_styles":[],"footnotes":""},"_links":{"self":[{"href":"https:\/\/www.politolosko-drustvo.si\/en_us\/wp-json\/wp\/v2\/pages\/30"}],"collection":[{"href":"https:\/\/www.politolosko-drustvo.si\/en_us\/wp-json\/wp\/v2\/pages"}],"about":[{"href":"https:\/\/www.politolosko-drustvo.si\/en_us\/wp-json\/wp\/v2\/types\/page"}],"author":[{"embeddable":true,"href":"https:\/\/www.politolosko-drustvo.si\/en_us\/wp-json\/wp\/v2\/users\/1"}],"replies":[{"embeddable":true,"href":"https:\/\/www.politolosko-drustvo.si\/en_us\/wp-json\/wp\/v2\/comments?post=30"}],"version-history":[{"count":5,"href":"https:\/\/www.politolosko-drustvo.si\/en_us\/wp-json\/wp\/v2\/pages\/30\/revisions"}],"predecessor-version":[{"id":662,"href":"https:\/\/www.politolosko-drustvo.si\/en_us\/wp-json\/wp\/v2\/pages\/30\/revisions\/662"}],"wp:attachment":[{"href":"https:\/\/www.politolosko-drustvo.si\/en_us\/wp-json\/wp\/v2\/media?parent=30"}],"curies":[{"name":"wp","href":"https:\/\/api.w.org\/{rel}","templated":true}]}}